{"id":7679,"date":"2025-07-07T03:06:13","date_gmt":"2025-07-07T01:06:13","guid":{"rendered":"https:\/\/kaizen-blog.org\/?page_id=7679"},"modified":"2025-09-29T18:07:26","modified_gmt":"2025-09-29T16:07:26","slug":"social-kaizen","status":"publish","type":"page","link":"https:\/\/kaizen-blog.org\/en\/social-kaizen\/","title":{"rendered":"Social Kaizen"},"content":{"rendered":"<div style=\"height:29px\" aria-hidden=\"true\" class=\"wp-block-spacer\"><\/div>\n\n\n\n<p>Here you can create your own groups, exchange private messages, make friends, and much more. All it takes is a one-time <a href=\"https:\/\/kaizen-blog.org\/en\/registrieren\/\">registration<\/a> : follow the confirmation link in the email, then enter the verification key \u2013 and you\u2019re in. Under \u201cSettings\u201d you can customize your profile just the way you like.<\/p>\n\n\n\n<div style=\"height:64px\" aria-hidden=\"true\" class=\"wp-block-spacer\"><\/div>\n<div class=\"gsp_post_data\" \r\n\t            data-post_type=\"page\" \r\n\t            data-cat=\"\" \r\n\t            data-modified=\"120\"\r\n\t            data-created=\"1751857573\"\r\n\t            data-title=\"Social Kaizen\" \r\n\t            data-home=\"https:\/\/kaizen-blog.org\/en\/\"><\/div>","protected":false},"excerpt":{"rendered":"<p>Welcome to Social Kaizen! Here you can create your own groups, exchange private messages, make friends, and much more. All it takes is a one-time registration: Click the confirmation link in your email, enter the verification key \u2013 and you're in.\nUnder \u201cSettings,\u201d you can customize your profile just the way you like it.<\/p>","protected":false},"author":6,"featured_media":16358,"parent":0,"menu_order":0,"comment_status":"closed","ping_status":"closed","template":"","meta":{"footnotes":""},"class_list":["post-7679","page","type-page","status-publish","has-post-thumbnail","hentry"],"featured_image_src":"https:\/\/i0.wp.com\/kaizen-blog.org\/wp-content\/uploads\/2025\/09\/kaizenblognews56.webp?fit=905%2C505&ssl=1","yoast_head":"<!-- This site is optimized with the Yoast SEO plugin v27.6 - https:\/\/yoast.com\/product\/yoast-seo-wordpress\/ -->\n<title>Social Kaizen - The Kaizen Blog<\/title>\n<meta name=\"description\" content=\"Welcome to Social Kaizen!Here you can create your own groups, exchange private messages, make friends, and much more. All it takes is a one-time registration:Click the confirmation link in your email, enter the verification key \u2013 and you&#039;re in.Under \u201cSettings,\u201d you can customize your profile just the way you like it.\" \/>\n<meta name=\"robots\" content=\"index, follow, max-snippet:-1, max-image-preview:large, max-video-preview:-1\" \/>\n<link rel=\"canonical\" href=\"https:\/\/kaizen-blog.org\/en\/social-kaizen\/\" \/>\n<meta property=\"og:locale\" content=\"en_US\" \/>\n<meta property=\"og:type\" content=\"article\" \/>\n<meta property=\"og:title\" content=\"Social Kaizen\" \/>\n<meta property=\"og:description\" content=\"Welcome to Social Kaizen!Here you can create your own groups, exchange private messages, make friends, and much more. All it takes is a one-time registration:Click the confirmation link in your email, enter the verification key \u2013 and you&#039;re in.Under \u201cSettings,\u201d you can customize your profile just the way you like it.\" \/>\n<meta property=\"og:url\" content=\"https:\/\/kaizen-blog.org\/en\/social-kaizen\/\" \/>\n<meta property=\"og:site_name\" content=\"The Kaizen Blog\" \/>\n<meta property=\"article:publisher\" content=\"https:\/\/www.facebook.com\/rainer.hofmann.2025\/\" \/>\n<meta property=\"article:modified_time\" content=\"2025-09-29T16:07:26+00:00\" \/>\n<meta property=\"og:image\" content=\"https:\/\/kaizen-blog.org\/wp-content\/uploads\/2025\/09\/kaizenblognews56.webp\" \/>\n\t<meta property=\"og:image:width\" content=\"905\" \/>\n\t<meta property=\"og:image:height\" content=\"505\" \/>\n\t<meta property=\"og:image:type\" content=\"image\/webp\" \/>\n<meta name=\"twitter:card\" content=\"summary_large_image\" \/>\n<meta name=\"twitter:label1\" content=\"Est. reading time\" \/>\n\t<meta name=\"twitter:data1\" content=\"1 minute\" \/>\n<script type=\"application\/ld+json\" class=\"yoast-schema-graph\">{\"@context\":\"https:\\\/\\\/schema.org\",\"@graph\":[{\"@type\":\"WebPage\",\"@id\":\"https:\\\/\\\/kaizen-blog.org\\\/social-kaizen\\\/\",\"url\":\"https:\\\/\\\/kaizen-blog.org\\\/social-kaizen\\\/\",\"name\":\"Social Kaizen - The Kaizen Blog\",\"isPartOf\":{\"@id\":\"https:\\\/\\\/kaizen-blog.org\\\/#website\"},\"primaryImageOfPage\":{\"@id\":\"https:\\\/\\\/kaizen-blog.org\\\/social-kaizen\\\/#primaryimage\"},\"image\":{\"@id\":\"https:\\\/\\\/kaizen-blog.org\\\/social-kaizen\\\/#primaryimage\"},\"thumbnailUrl\":\"https:\\\/\\\/i0.wp.com\\\/kaizen-blog.org\\\/wp-content\\\/uploads\\\/2025\\\/09\\\/kaizenblognews56.webp?fit=905%2C505&ssl=1\",\"datePublished\":\"2025-07-07T01:06:13+00:00\",\"dateModified\":\"2025-09-29T16:07:26+00:00\",\"description\":\"Welcome to Social Kaizen!Here you can create your own groups, exchange private messages, make friends, and much more. All it takes is a one-time registration:Click the confirmation link in your email, enter the verification key \u2013 and you're in.Under \u201cSettings,\u201d you can customize your profile just the way you like it.\",\"breadcrumb\":{\"@id\":\"https:\\\/\\\/kaizen-blog.org\\\/social-kaizen\\\/#breadcrumb\"},\"inLanguage\":\"en-US\",\"potentialAction\":[{\"@type\":\"ReadAction\",\"target\":[\"https:\\\/\\\/kaizen-blog.org\\\/social-kaizen\\\/\"]}]},{\"@type\":\"ImageObject\",\"inLanguage\":\"en-US\",\"@id\":\"https:\\\/\\\/kaizen-blog.org\\\/social-kaizen\\\/#primaryimage\",\"url\":\"https:\\\/\\\/i0.wp.com\\\/kaizen-blog.org\\\/wp-content\\\/uploads\\\/2025\\\/09\\\/kaizenblognews56.webp?fit=905%2C505&ssl=1\",\"contentUrl\":\"https:\\\/\\\/i0.wp.com\\\/kaizen-blog.org\\\/wp-content\\\/uploads\\\/2025\\\/09\\\/kaizenblognews56.webp?fit=905%2C505&ssl=1\",\"width\":905,\"height\":505},{\"@type\":\"BreadcrumbList\",\"@id\":\"https:\\\/\\\/kaizen-blog.org\\\/social-kaizen\\\/#breadcrumb\",\"itemListElement\":[{\"@type\":\"ListItem\",\"position\":1,\"name\":\"Startseite\",\"item\":\"https:\\\/\\\/kaizen-blog.org\\\/\"},{\"@type\":\"ListItem\",\"position\":2,\"name\":\"Social Kaizen\"}]},{\"@type\":\"WebSite\",\"@id\":\"https:\\\/\\\/kaizen-blog.org\\\/#website\",\"url\":\"https:\\\/\\\/kaizen-blog.org\\\/\",\"name\":\"The Kaizen Blog\",\"description\":\"Investigativer Journalismus\",\"potentialAction\":[{\"@type\":\"SearchAction\",\"target\":{\"@type\":\"EntryPoint\",\"urlTemplate\":\"https:\\\/\\\/kaizen-blog.org\\\/?s={search_term_string}\"},\"query-input\":{\"@type\":\"PropertyValueSpecification\",\"valueRequired\":true,\"valueName\":\"search_term_string\"}}],\"inLanguage\":\"en-US\"}]}<\/script>\n<!-- \/ Yoast SEO plugin. -->","yoast_head_json":{"title":"Social Kaizen - The Kaizen Blog","description":"Welcome to Social Kaizen!Here you can create your own groups, exchange private messages, make friends, and much more. All it takes is a one-time registration:Click the confirmation link in your email, enter the verification key \u2013 and you're in.Under \u201cSettings,\u201d you can customize your profile just the way you like it.","robots":{"index":"index","follow":"follow","max-snippet":"max-snippet:-1","max-image-preview":"max-image-preview:large","max-video-preview":"max-video-preview:-1"},"canonical":"https:\/\/kaizen-blog.org\/en\/social-kaizen\/","og_locale":"en_US","og_type":"article","og_title":"Social Kaizen","og_description":"Welcome to Social Kaizen!Here you can create your own groups, exchange private messages, make friends, and much more. All it takes is a one-time registration:Click the confirmation link in your email, enter the verification key \u2013 and you're in.Under \u201cSettings,\u201d you can customize your profile just the way you like it.","og_url":"https:\/\/kaizen-blog.org\/en\/social-kaizen\/","og_site_name":"The Kaizen Blog","article_publisher":"https:\/\/www.facebook.com\/rainer.hofmann.2025\/","article_modified_time":"2025-09-29T16:07:26+00:00","og_image":[{"width":905,"height":505,"url":"https:\/\/kaizen-blog.org\/wp-content\/uploads\/2025\/09\/kaizenblognews56.webp","type":"image\/webp"}],"twitter_card":"summary_large_image","twitter_misc":{"Est. reading time":"1 minute"},"schema":{"@context":"https:\/\/schema.org","@graph":[{"@type":"WebPage","@id":"https:\/\/kaizen-blog.org\/social-kaizen\/","url":"https:\/\/kaizen-blog.org\/social-kaizen\/","name":"Social Kaizen - The Kaizen Blog","isPartOf":{"@id":"https:\/\/kaizen-blog.org\/#website"},"primaryImageOfPage":{"@id":"https:\/\/kaizen-blog.org\/social-kaizen\/#primaryimage"},"image":{"@id":"https:\/\/kaizen-blog.org\/social-kaizen\/#primaryimage"},"thumbnailUrl":"https:\/\/i0.wp.com\/kaizen-blog.org\/wp-content\/uploads\/2025\/09\/kaizenblognews56.webp?fit=905%2C505&ssl=1","datePublished":"2025-07-07T01:06:13+00:00","dateModified":"2025-09-29T16:07:26+00:00","description":"Welcome to Social Kaizen!Here you can create your own groups, exchange private messages, make friends, and much more. All it takes is a one-time registration:Click the confirmation link in your email, enter the verification key \u2013 and you're in.Under \u201cSettings,\u201d you can customize your profile just the way you like it.","breadcrumb":{"@id":"https:\/\/kaizen-blog.org\/social-kaizen\/#breadcrumb"},"inLanguage":"en-US","potentialAction":[{"@type":"ReadAction","target":["https:\/\/kaizen-blog.org\/social-kaizen\/"]}]},{"@type":"ImageObject","inLanguage":"en-US","@id":"https:\/\/kaizen-blog.org\/social-kaizen\/#primaryimage","url":"https:\/\/i0.wp.com\/kaizen-blog.org\/wp-content\/uploads\/2025\/09\/kaizenblognews56.webp?fit=905%2C505&ssl=1","contentUrl":"https:\/\/i0.wp.com\/kaizen-blog.org\/wp-content\/uploads\/2025\/09\/kaizenblognews56.webp?fit=905%2C505&ssl=1","width":905,"height":505},{"@type":"BreadcrumbList","@id":"https:\/\/kaizen-blog.org\/social-kaizen\/#breadcrumb","itemListElement":[{"@type":"ListItem","position":1,"name":"Startseite","item":"https:\/\/kaizen-blog.org\/"},{"@type":"ListItem","position":2,"name":"Social Kaizen"}]},{"@type":"WebSite","@id":"https:\/\/kaizen-blog.org\/#website","url":"https:\/\/kaizen-blog.org\/","name":"The Kaizen Blog","description":"Investigative Journalism","potentialAction":[{"@type":"SearchAction","target":{"@type":"EntryPoint","urlTemplate":"https:\/\/kaizen-blog.org\/?s={search_term_string}"},"query-input":{"@type":"PropertyValueSpecification","valueRequired":true,"valueName":"search_term_string"}}],"inLanguage":"en-US"}]}},"jetpack_sharing_enabled":true,"jetpack-related-posts":[{"id":6447,"url":"https:\/\/kaizen-blog.org\/en\/complete-registration\/","url_meta":{"origin":7679,"position":0},"title":"Registrierung abschlie\u00dfen","author":"Rainer Hofmann","date":"June 27, 2025","format":false,"excerpt":"","rel":"","context":"In &quot;USA&quot;","block_context":{"text":"USA","link":"https:\/\/kaizen-blog.org\/en\/category\/trump-usa\/"},"img":{"alt_text":"","src":"","width":0,"height":0},"classes":[]},{"id":9495,"url":"https:\/\/kaizen-blog.org\/en\/zahlung-fehlgeschlagen\/","url_meta":{"origin":7679,"position":1},"title":"Zahlung fehlgeschlagen","author":"Rainer Hofmann","date":"July 20, 2025","format":false,"excerpt":"Leider konnte deine Transaktion nicht verarbeitet werden. Bitte versuche es erneut oder kontaktiere den Website-Support.","rel":"","context":"Similar post","block_context":{"text":"Similar post","link":""},"img":{"alt_text":"","src":"","width":0,"height":0},"classes":[]},{"id":184,"url":"https:\/\/kaizen-blog.org\/en\/contact-address\/","url_meta":{"origin":7679,"position":2},"title":"contact &amp; address","author":"kaizenadmin","date":"May 6, 2025","format":false,"excerpt":"Impressum \u2013 The Kaizen Blog 1. Betreiber und Verantwortlicher Herausgeber: Kaizen Blog LTD Chefredakteur: Rainer Hofmann (rainer.hofmann@kaizen-blog.org) Anschrift: Kaizen Blog LTD - The Bristol Office, 2nd Floor, 5 High Street, Westbury-on-Trym, Bristol, BS9 3BY. England Telefon: +44 757 7010 837 Kontakt-E-Mail: contact@kaizen-blog.org Datenschutzbeauftragter: Tamzee Zadah (tamzee.zadah@kaizen-blog.org) Registrierung bei Companies House\u2026","rel":"","context":"Similar post","block_context":{"text":"Similar post","link":""},"img":{"alt_text":"","src":"https:\/\/i0.wp.com\/kaizen-blog.org\/wp-content\/uploads\/2025\/07\/ltd.webp?resize=350%2C200&ssl=1","width":350,"height":200,"srcset":"https:\/\/i0.wp.com\/kaizen-blog.org\/wp-content\/uploads\/2025\/07\/ltd.webp?resize=350%2C200&ssl=1 1x, https:\/\/i0.wp.com\/kaizen-blog.org\/wp-content\/uploads\/2025\/07\/ltd.webp?resize=525%2C300&ssl=1 1.5x, https:\/\/i0.wp.com\/kaizen-blog.org\/wp-content\/uploads\/2025\/07\/ltd.webp?resize=700%2C400&ssl=1 2x, https:\/\/i0.wp.com\/kaizen-blog.org\/wp-content\/uploads\/2025\/07\/ltd.webp?resize=1050%2C600&ssl=1 3x, https:\/\/i0.wp.com\/kaizen-blog.org\/wp-content\/uploads\/2025\/07\/ltd.webp?resize=1400%2C800&ssl=1 4x"},"classes":[]},{"id":26952,"url":"https:\/\/kaizen-blog.org\/en\/kaizen-live-proteste-minnesota\/","url_meta":{"origin":7679,"position":3},"title":"Kaizen Live \u2013 Proteste Minnesota","author":"TEAM KAIZEN BLOG","date":"January 23, 2026","format":false,"excerpt":"24 Kaizen Live Freitag, 23.01.2026 \u00b7 22:35 Massive Menschenmenge in Minneapolis bei einem landesweiten \u201eICE OUT\u201c-Generalstreik. 24 Kaizen Live Freitag, 23.01.2026 \u00b7 22:10 Festnahmen am Flughafen Minneapolis\u2013St. Paul Am gr\u00f6\u00dften Flughafen Minnesotas werden Anti-ICE-Demonstrierende festgenommen, nachdem sie nach Angaben der Beh\u00f6rden die Auflagen ihrer Genehmigung \u00fcberschritten haben. Die Festnahmen erfolgen\u2026","rel":"","context":"Similar post","block_context":{"text":"Similar post","link":""},"img":{"alt_text":"","src":"https:\/\/i0.wp.com\/kaizen-blog.org\/wp-content\/uploads\/2026\/01\/kaizennewsday-2026-01-23T205303.470.webp?fit=905%2C500&ssl=1&resize=350%2C200","width":350,"height":200,"srcset":"https:\/\/i0.wp.com\/kaizen-blog.org\/wp-content\/uploads\/2026\/01\/kaizennewsday-2026-01-23T205303.470.webp?fit=905%2C500&ssl=1&resize=350%2C200 1x, https:\/\/i0.wp.com\/kaizen-blog.org\/wp-content\/uploads\/2026\/01\/kaizennewsday-2026-01-23T205303.470.webp?fit=905%2C500&ssl=1&resize=525%2C300 1.5x, https:\/\/i0.wp.com\/kaizen-blog.org\/wp-content\/uploads\/2026\/01\/kaizennewsday-2026-01-23T205303.470.webp?fit=905%2C500&ssl=1&resize=700%2C400 2x"},"classes":[]},{"id":282,"url":"https:\/\/kaizen-blog.org\/en\/contact-address\/datenschutzerklarung-privacy-policy-kaizen\/","url_meta":{"origin":7679,"position":4},"title":"Datenschutzerkl\u00e4rung &#8211; Privacy Policy &#8211; The Kaizen Blog","author":"Tamzee Zadah","date":"May 9, 2025","format":false,"excerpt":"Datenschutzerkl\u00e4rung (Weltweit) 1. Verantwortlicher f\u00fcr die Datenverarbeitung The Kaizen Blog: Rainer Hofmann (Chefredakteur) Kaizen Blog LTD - The Bristol Office, 2nd Floor, 5 High Street, Westbury-on-Trym, Bristol, BS9 3BY. England, E-Mail: rainer.hofmann@kaizen-blog.org 2. Datenschutzbeauftragter Tamzee Zadah: E-Mail: tamzee.zadah@kaizen-blog.org 3. Erhebung und Speicherung personenbezogener Daten sowie Art und Zweck ihrer Verwendung\u2026","rel":"","context":"Similar post","block_context":{"text":"Similar post","link":""},"img":{"alt_text":"","src":"","width":0,"height":0},"classes":[]}],"_links":{"self":[{"href":"https:\/\/kaizen-blog.org\/en\/wp-json\/wp\/v2\/pages\/7679","targetHints":{"allow":["GET"]}}],"collection":[{"href":"https:\/\/kaizen-blog.org\/en\/wp-json\/wp\/v2\/pages"}],"about":[{"href":"https:\/\/kaizen-blog.org\/en\/wp-json\/wp\/v2\/types\/page"}],"author":[{"embeddable":true,"href":"https:\/\/kaizen-blog.org\/en\/wp-json\/wp\/v2\/users\/6"}],"replies":[{"embeddable":true,"href":"https:\/\/kaizen-blog.org\/en\/wp-json\/wp\/v2\/comments?post=7679"}],"version-history":[{"count":0,"href":"https:\/\/kaizen-blog.org\/en\/wp-json\/wp\/v2\/pages\/7679\/revisions"}],"wp:featuredmedia":[{"embeddable":true,"href":"https:\/\/kaizen-blog.org\/en\/wp-json\/wp\/v2\/media\/16358"}],"wp:attachment":[{"href":"https:\/\/kaizen-blog.org\/en\/wp-json\/wp\/v2\/media?parent=7679"}],"curies":[{"name":"wp","href":"https:\/\/api.w.org\/{rel}","templated":true}]}}