{"id":6447,"date":"2025-06-27T10:02:07","date_gmt":"2025-06-27T10:02:07","guid":{"rendered":"https:\/\/kaizen-blog.org\/complete-registration\/"},"modified":"2025-06-27T10:02:07","modified_gmt":"2025-06-27T10:02:07","slug":"complete-registration","status":"publish","type":"page","link":"https:\/\/kaizen-blog.org\/en\/complete-registration\/","title":{"rendered":"Registrierung abschlie\u00dfen"},"content":{"rendered":"<div class=\"gsp_post_data\" \r\n\t            data-post_type=\"page\" \r\n\t            data-cat=\"trump-usa\" \r\n\t            data-modified=\"120\"\r\n\t            data-created=\"1751018527\"\r\n\t            data-title=\"Registrierung abschlie\u00dfen\" \r\n\t            data-home=\"https:\/\/kaizen-blog.org\/en\/\"><\/div>","protected":false},"excerpt":{"rendered":"","protected":false},"author":1,"featured_media":0,"parent":0,"menu_order":0,"comment_status":"closed","ping_status":"open","template":"","meta":{"footnotes":""},"class_list":["post-6447","page","type-page","status-publish","hentry"],"featured_image_src":null,"yoast_head":"<!-- This site is optimized with the Yoast SEO plugin v27.5 - https:\/\/yoast.com\/product\/yoast-seo-wordpress\/ -->\n<title>Registrierung abschlie\u00dfen - The Kaizen Blog<\/title>\n<meta name=\"robots\" content=\"index, follow, max-snippet:-1, max-image-preview:large, max-video-preview:-1\" \/>\n<link rel=\"canonical\" href=\"https:\/\/kaizen-blog.org\/en\/complete-registration\/\" \/>\n<meta property=\"og:locale\" content=\"en_US\" \/>\n<meta property=\"og:type\" content=\"article\" \/>\n<meta property=\"og:title\" content=\"Registrierung abschlie\u00dfen - The Kaizen Blog\" \/>\n<meta property=\"og:url\" content=\"https:\/\/kaizen-blog.org\/en\/complete-registration\/\" \/>\n<meta property=\"og:site_name\" content=\"The Kaizen Blog\" \/>\n<meta property=\"article:publisher\" content=\"https:\/\/www.facebook.com\/rainer.hofmann.2025\/\" \/>\n<meta name=\"twitter:card\" content=\"summary_large_image\" \/>\n<script type=\"application\/ld+json\" class=\"yoast-schema-graph\">{\"@context\":\"https:\\\/\\\/schema.org\",\"@graph\":[{\"@type\":\"WebPage\",\"@id\":\"https:\\\/\\\/kaizen-blog.org\\\/complete-registration\\\/\",\"url\":\"https:\\\/\\\/kaizen-blog.org\\\/complete-registration\\\/\",\"name\":\"Registrierung abschlie\u00dfen - The Kaizen Blog\",\"isPartOf\":{\"@id\":\"https:\\\/\\\/kaizen-blog.org\\\/#website\"},\"datePublished\":\"2025-06-27T10:02:07+00:00\",\"breadcrumb\":{\"@id\":\"https:\\\/\\\/kaizen-blog.org\\\/complete-registration\\\/#breadcrumb\"},\"inLanguage\":\"en-US\",\"potentialAction\":[{\"@type\":\"ReadAction\",\"target\":[\"https:\\\/\\\/kaizen-blog.org\\\/complete-registration\\\/\"]}]},{\"@type\":\"BreadcrumbList\",\"@id\":\"https:\\\/\\\/kaizen-blog.org\\\/complete-registration\\\/#breadcrumb\",\"itemListElement\":[{\"@type\":\"ListItem\",\"position\":1,\"name\":\"Startseite\",\"item\":\"https:\\\/\\\/kaizen-blog.org\\\/\"},{\"@type\":\"ListItem\",\"position\":2,\"name\":\"Registrierung abschlie\u00dfen\"}]},{\"@type\":\"WebSite\",\"@id\":\"https:\\\/\\\/kaizen-blog.org\\\/#website\",\"url\":\"https:\\\/\\\/kaizen-blog.org\\\/\",\"name\":\"The Kaizen Blog\",\"description\":\"Investigativer Journalismus\",\"potentialAction\":[{\"@type\":\"SearchAction\",\"target\":{\"@type\":\"EntryPoint\",\"urlTemplate\":\"https:\\\/\\\/kaizen-blog.org\\\/?s={search_term_string}\"},\"query-input\":{\"@type\":\"PropertyValueSpecification\",\"valueRequired\":true,\"valueName\":\"search_term_string\"}}],\"inLanguage\":\"en-US\"}]}<\/script>\n<!-- \/ Yoast SEO plugin. -->","yoast_head_json":{"title":"Registrierung abschlie\u00dfen - The Kaizen Blog","robots":{"index":"index","follow":"follow","max-snippet":"max-snippet:-1","max-image-preview":"max-image-preview:large","max-video-preview":"max-video-preview:-1"},"canonical":"https:\/\/kaizen-blog.org\/en\/complete-registration\/","og_locale":"en_US","og_type":"article","og_title":"Registrierung abschlie\u00dfen - The Kaizen Blog","og_url":"https:\/\/kaizen-blog.org\/en\/complete-registration\/","og_site_name":"The Kaizen Blog","article_publisher":"https:\/\/www.facebook.com\/rainer.hofmann.2025\/","twitter_card":"summary_large_image","schema":{"@context":"https:\/\/schema.org","@graph":[{"@type":"WebPage","@id":"https:\/\/kaizen-blog.org\/complete-registration\/","url":"https:\/\/kaizen-blog.org\/complete-registration\/","name":"Registrierung abschlie\u00dfen - The Kaizen Blog","isPartOf":{"@id":"https:\/\/kaizen-blog.org\/#website"},"datePublished":"2025-06-27T10:02:07+00:00","breadcrumb":{"@id":"https:\/\/kaizen-blog.org\/complete-registration\/#breadcrumb"},"inLanguage":"en-US","potentialAction":[{"@type":"ReadAction","target":["https:\/\/kaizen-blog.org\/complete-registration\/"]}]},{"@type":"BreadcrumbList","@id":"https:\/\/kaizen-blog.org\/complete-registration\/#breadcrumb","itemListElement":[{"@type":"ListItem","position":1,"name":"Startseite","item":"https:\/\/kaizen-blog.org\/"},{"@type":"ListItem","position":2,"name":"Registrierung abschlie\u00dfen"}]},{"@type":"WebSite","@id":"https:\/\/kaizen-blog.org\/#website","url":"https:\/\/kaizen-blog.org\/","name":"The Kaizen Blog","description":"Investigative Journalism","potentialAction":[{"@type":"SearchAction","target":{"@type":"EntryPoint","urlTemplate":"https:\/\/kaizen-blog.org\/?s={search_term_string}"},"query-input":{"@type":"PropertyValueSpecification","valueRequired":true,"valueName":"search_term_string"}}],"inLanguage":"en-US"}]}},"jetpack_sharing_enabled":true,"jetpack-related-posts":[{"id":7679,"url":"https:\/\/kaizen-blog.org\/en\/social-kaizen\/","url_meta":{"origin":6447,"position":0},"title":"Social Kaizen","author":"Katharina Hofmann","date":"July 7, 2025","format":false,"excerpt":"Welcome to Social Kaizen! Here you can create your own groups, exchange private messages, make friends, and much more. All it takes is a one-time registration: Click the confirmation link in your email, enter the verification key \u2013 and you're in.\nUnder \u201cSettings,\u201d you can customize your profile just the way you like it.","rel":"","context":"Similar post","block_context":{"text":"Similar post","link":""},"img":{"alt_text":"","src":"https:\/\/i0.wp.com\/kaizen-blog.org\/wp-content\/uploads\/2025\/09\/kaizenblognews56.webp?fit=905%2C505&ssl=1&resize=350%2C200","width":350,"height":200,"srcset":"https:\/\/i0.wp.com\/kaizen-blog.org\/wp-content\/uploads\/2025\/09\/kaizenblognews56.webp?fit=905%2C505&ssl=1&resize=350%2C200 1x, https:\/\/i0.wp.com\/kaizen-blog.org\/wp-content\/uploads\/2025\/09\/kaizenblognews56.webp?fit=905%2C505&ssl=1&resize=525%2C300 1.5x, https:\/\/i0.wp.com\/kaizen-blog.org\/wp-content\/uploads\/2025\/09\/kaizenblognews56.webp?fit=905%2C505&ssl=1&resize=700%2C400 2x"},"classes":[]},{"id":6443,"url":"https:\/\/kaizen-blog.org\/en\/login\/","url_meta":{"origin":6447,"position":1},"title":"Login","author":"Rainer Hofmann","date":"June 27, 2025","format":false,"excerpt":"","rel":"","context":"In &quot;USA&quot;","block_context":{"text":"USA","link":"https:\/\/kaizen-blog.org\/en\/category\/trump-usa\/"},"img":{"alt_text":"","src":"","width":0,"height":0},"classes":[]},{"id":6445,"url":"https:\/\/kaizen-blog.org\/en\/lost-password\/","url_meta":{"origin":6447,"position":2},"title":"Passwort zur\u00fccksetzen.","author":"Rainer Hofmann","date":"June 27, 2025","format":false,"excerpt":"","rel":"","context":"In &quot;USA&quot;","block_context":{"text":"USA","link":"https:\/\/kaizen-blog.org\/en\/category\/trump-usa\/"},"img":{"alt_text":"","src":"","width":0,"height":0},"classes":[]},{"id":282,"url":"https:\/\/kaizen-blog.org\/en\/contact-address\/datenschutzerklarung-privacy-policy-kaizen\/","url_meta":{"origin":6447,"position":3},"title":"Datenschutzerkl\u00e4rung &#8211; Privacy Policy &#8211; The Kaizen Blog","author":"Tamzee Zadah","date":"May 9, 2025","format":false,"excerpt":"Datenschutzerkl\u00e4rung (Weltweit) 1. Verantwortlicher f\u00fcr die Datenverarbeitung The Kaizen Blog: Rainer Hofmann (Chefredakteur) Kaizen Blog LTD - The Bristol Office, 2nd Floor, 5 High Street, Westbury-on-Trym, Bristol, BS9 3BY. England, E-Mail: rainer.hofmann@kaizen-blog.org 2. Datenschutzbeauftragter Tamzee Zadah: E-Mail: tamzee.zadah@kaizen-blog.org 3. Erhebung und Speicherung personenbezogener Daten sowie Art und Zweck ihrer Verwendung\u2026","rel":"","context":"Similar post","block_context":{"text":"Similar post","link":""},"img":{"alt_text":"","src":"","width":0,"height":0},"classes":[]},{"id":184,"url":"https:\/\/kaizen-blog.org\/en\/contact-address\/","url_meta":{"origin":6447,"position":4},"title":"contact &amp; address","author":"kaizenadmin","date":"May 6, 2025","format":false,"excerpt":"Impressum \u2013 The Kaizen Blog 1. Betreiber und Verantwortlicher Herausgeber: Kaizen Blog LTD Chefredakteur: Rainer Hofmann (rainer.hofmann@kaizen-blog.org) Anschrift: Kaizen Blog LTD - The Bristol Office, 2nd Floor, 5 High Street, Westbury-on-Trym, Bristol, BS9 3BY. England Telefon: +44 757 7010 837 Kontakt-E-Mail: contact@kaizen-blog.org Datenschutzbeauftragter: Tamzee Zadah (tamzee.zadah@kaizen-blog.org) Registrierung bei Companies House\u2026","rel":"","context":"Similar post","block_context":{"text":"Similar post","link":""},"img":{"alt_text":"","src":"https:\/\/i0.wp.com\/kaizen-blog.org\/wp-content\/uploads\/2025\/07\/ltd.webp?resize=350%2C200&ssl=1","width":350,"height":200,"srcset":"https:\/\/i0.wp.com\/kaizen-blog.org\/wp-content\/uploads\/2025\/07\/ltd.webp?resize=350%2C200&ssl=1 1x, https:\/\/i0.wp.com\/kaizen-blog.org\/wp-content\/uploads\/2025\/07\/ltd.webp?resize=525%2C300&ssl=1 1.5x, https:\/\/i0.wp.com\/kaizen-blog.org\/wp-content\/uploads\/2025\/07\/ltd.webp?resize=700%2C400&ssl=1 2x, https:\/\/i0.wp.com\/kaizen-blog.org\/wp-content\/uploads\/2025\/07\/ltd.webp?resize=1050%2C600&ssl=1 3x, https:\/\/i0.wp.com\/kaizen-blog.org\/wp-content\/uploads\/2025\/07\/ltd.webp?resize=1400%2C800&ssl=1 4x"},"classes":[]},{"id":26952,"url":"https:\/\/kaizen-blog.org\/en\/kaizen-live-proteste-minnesota\/","url_meta":{"origin":6447,"position":5},"title":"Kaizen Live \u2013 Proteste Minnesota","author":"TEAM KAIZEN BLOG","date":"January 23, 2026","format":false,"excerpt":"24 Kaizen Live Freitag, 23.01.2026 \u00b7 22:35 Massive Menschenmenge in Minneapolis bei einem landesweiten \u201eICE OUT\u201c-Generalstreik. 24 Kaizen Live Freitag, 23.01.2026 \u00b7 22:10 Festnahmen am Flughafen Minneapolis\u2013St. Paul Am gr\u00f6\u00dften Flughafen Minnesotas werden Anti-ICE-Demonstrierende festgenommen, nachdem sie nach Angaben der Beh\u00f6rden die Auflagen ihrer Genehmigung \u00fcberschritten haben. Die Festnahmen erfolgen\u2026","rel":"","context":"Similar post","block_context":{"text":"Similar post","link":""},"img":{"alt_text":"","src":"https:\/\/i0.wp.com\/kaizen-blog.org\/wp-content\/uploads\/2026\/01\/kaizennewsday-2026-01-23T205303.470.webp?fit=905%2C500&ssl=1&resize=350%2C200","width":350,"height":200,"srcset":"https:\/\/i0.wp.com\/kaizen-blog.org\/wp-content\/uploads\/2026\/01\/kaizennewsday-2026-01-23T205303.470.webp?fit=905%2C500&ssl=1&resize=350%2C200 1x, https:\/\/i0.wp.com\/kaizen-blog.org\/wp-content\/uploads\/2026\/01\/kaizennewsday-2026-01-23T205303.470.webp?fit=905%2C500&ssl=1&resize=525%2C300 1.5x, https:\/\/i0.wp.com\/kaizen-blog.org\/wp-content\/uploads\/2026\/01\/kaizennewsday-2026-01-23T205303.470.webp?fit=905%2C500&ssl=1&resize=700%2C400 2x"},"classes":[]}],"_links":{"self":[{"href":"https:\/\/kaizen-blog.org\/en\/wp-json\/wp\/v2\/pages\/6447","targetHints":{"allow":["GET"]}}],"collection":[{"href":"https:\/\/kaizen-blog.org\/en\/wp-json\/wp\/v2\/pages"}],"about":[{"href":"https:\/\/kaizen-blog.org\/en\/wp-json\/wp\/v2\/types\/page"}],"author":[{"embeddable":true,"href":"https:\/\/kaizen-blog.org\/en\/wp-json\/wp\/v2\/users\/1"}],"replies":[{"embeddable":true,"href":"https:\/\/kaizen-blog.org\/en\/wp-json\/wp\/v2\/comments?post=6447"}],"version-history":[{"count":0,"href":"https:\/\/kaizen-blog.org\/en\/wp-json\/wp\/v2\/pages\/6447\/revisions"}],"wp:attachment":[{"href":"https:\/\/kaizen-blog.org\/en\/wp-json\/wp\/v2\/media?parent=6447"}],"curies":[{"name":"wp","href":"https:\/\/api.w.org\/{rel}","templated":true}]}}