{"id":187,"date":"2025-05-06T12:05:24","date_gmt":"2025-05-06T12:05:24","guid":{"rendered":"https:\/\/kaizen-blog.org\/?page_id=187"},"modified":"2026-03-17T18:42:14","modified_gmt":"2026-03-17T17:42:14","slug":"media","status":"publish","type":"page","link":"https:\/\/kaizen-blog.org\/en\/media\/","title":{"rendered":"E-Mail"},"content":{"rendered":"<div style=\"height:55px\" aria-hidden=\"true\" class=\"wp-block-spacer\"><\/div>\n\n\n\n<p class=\"has-medium-font-size\"><strong>For questions, suggestions, or fact-check requests, you are welcome to email us at any time. We typically respond as promptly as possible.<\/strong><\/p>\n\n\n\n<p><strong><a href=\"mailto:co*****@*********og.org\" data-original-string=\"1Q0JofeYYlj\/u1TJBxUnoQ==785JgSSThmD8HgKIyWhYUpsvSEOQqeRzgmBEY0qFvOrwes=\" title=\"This contact has been encoded by Anti-Spam by CleanTalk. Click to decode. To finish the decoding make sure that JavaScript is enabled in your browser.\"><span \n                data-original-string='idCpsora+rKMsOIU6xvN4Q==785SgO8cG4ZMOF1mZ9f65qXMaKAWzMVC1Xa3QjYJZQRwPI='\n                class='apbct-email-encoder'\n                title='This contact has been encoded by Anti-Spam by CleanTalk. Click to decode. To finish the decoding make sure that JavaScript is enabled in your browser.'>co<span class=\"apbct-blur\">*****<\/span>@<span class=\"apbct-blur\">*********<\/span>og.org<\/span><\/a><\/strong><\/p>\n\n\n\n<div style=\"height:100px\" aria-hidden=\"true\" class=\"wp-block-spacer\"><\/div>\n<div class=\"gsp_post_data\" \r\n\t            data-post_type=\"page\" \r\n\t            data-cat=\"\" \r\n\t            data-modified=\"120\"\r\n\t            data-created=\"1746533124\"\r\n\t            data-title=\"E-Mail\" \r\n\t            data-home=\"https:\/\/kaizen-blog.org\/en\/\"><\/div>","protected":false},"excerpt":{"rendered":"<p>F\u00fcr Fragen, Anregungen oder Faktenchecks k\u00f6nnen Sie uns jederzeit gerne eine E-Mail senden. Wir bem\u00fchen uns, Ihre Nachricht in der Regel zeitnah zu beantworten. co*****@*********og.org<\/p>","protected":false},"author":4,"featured_media":32003,"parent":0,"menu_order":0,"comment_status":"closed","ping_status":"closed","template":"","meta":{"footnotes":""},"class_list":["post-187","page","type-page","status-publish","has-post-thumbnail","hentry"],"featured_image_src":"https:\/\/i0.wp.com\/kaizen-blog.org\/wp-content\/uploads\/2026\/03\/kaizennewsday-2026-03-17T184116.149.webp?fit=905%2C500&ssl=1","yoast_head":"<!-- This site is optimized with the Yoast SEO plugin v27.6 - https:\/\/yoast.com\/product\/yoast-seo-wordpress\/ -->\n<title>E-Mail - The Kaizen Blog<\/title>\n<meta name=\"robots\" content=\"index, follow, max-snippet:-1, max-image-preview:large, max-video-preview:-1\" \/>\n<link rel=\"canonical\" href=\"https:\/\/kaizen-blog.org\/en\/media\/\" \/>\n<meta property=\"og:locale\" content=\"en_US\" \/>\n<meta property=\"og:type\" content=\"article\" \/>\n<meta property=\"og:title\" content=\"E-Mail an Kaizen Blog\" \/>\n<meta property=\"og:description\" content=\"F\u00fcr Fragen, Anregungen oder Faktenchecks k\u00f6nnen Sie uns jederzeit gerne eine E-Mail senden. Wir bem\u00fchen uns, Ihre Nachricht in der Regel zeitnah zu beantworten. co*****@*********og.org\" \/>\n<meta property=\"og:url\" content=\"https:\/\/kaizen-blog.org\/en\/media\/\" \/>\n<meta property=\"og:site_name\" content=\"The Kaizen Blog\" \/>\n<meta property=\"article:publisher\" content=\"https:\/\/www.facebook.com\/rainer.hofmann.2025\/\" \/>\n<meta property=\"article:modified_time\" content=\"2026-03-17T17:42:14+00:00\" \/>\n<meta property=\"og:image\" content=\"https:\/\/kaizen-blog.org\/wp-content\/uploads\/2026\/03\/kaizennewsday-2026-03-17T184116.149.webp\" \/>\n\t<meta property=\"og:image:width\" content=\"905\" \/>\n\t<meta property=\"og:image:height\" content=\"500\" \/>\n\t<meta property=\"og:image:type\" content=\"image\/webp\" \/>\n<meta name=\"twitter:card\" content=\"summary_large_image\" \/>\n<meta name=\"twitter:label1\" content=\"Est. reading time\" \/>\n\t<meta name=\"twitter:data1\" content=\"1 minute\" \/>\n<script type=\"application\/ld+json\" class=\"yoast-schema-graph\">{\"@context\":\"https:\\\/\\\/schema.org\",\"@graph\":[{\"@type\":\"WebPage\",\"@id\":\"https:\\\/\\\/kaizen-blog.org\\\/media\\\/\",\"url\":\"https:\\\/\\\/kaizen-blog.org\\\/media\\\/\",\"name\":\"E-Mail - The Kaizen Blog\",\"isPartOf\":{\"@id\":\"https:\\\/\\\/kaizen-blog.org\\\/#website\"},\"primaryImageOfPage\":{\"@id\":\"https:\\\/\\\/kaizen-blog.org\\\/media\\\/#primaryimage\"},\"image\":{\"@id\":\"https:\\\/\\\/kaizen-blog.org\\\/media\\\/#primaryimage\"},\"thumbnailUrl\":\"https:\\\/\\\/i0.wp.com\\\/kaizen-blog.org\\\/wp-content\\\/uploads\\\/2026\\\/03\\\/kaizennewsday-2026-03-17T184116.149.webp?fit=905%2C500&ssl=1\",\"datePublished\":\"2025-05-06T12:05:24+00:00\",\"dateModified\":\"2026-03-17T17:42:14+00:00\",\"breadcrumb\":{\"@id\":\"https:\\\/\\\/kaizen-blog.org\\\/media\\\/#breadcrumb\"},\"inLanguage\":\"en-US\",\"potentialAction\":[{\"@type\":\"ReadAction\",\"target\":[\"https:\\\/\\\/kaizen-blog.org\\\/media\\\/\"]}]},{\"@type\":\"ImageObject\",\"inLanguage\":\"en-US\",\"@id\":\"https:\\\/\\\/kaizen-blog.org\\\/media\\\/#primaryimage\",\"url\":\"https:\\\/\\\/i0.wp.com\\\/kaizen-blog.org\\\/wp-content\\\/uploads\\\/2026\\\/03\\\/kaizennewsday-2026-03-17T184116.149.webp?fit=905%2C500&ssl=1\",\"contentUrl\":\"https:\\\/\\\/i0.wp.com\\\/kaizen-blog.org\\\/wp-content\\\/uploads\\\/2026\\\/03\\\/kaizennewsday-2026-03-17T184116.149.webp?fit=905%2C500&ssl=1\",\"width\":905,\"height\":500},{\"@type\":\"BreadcrumbList\",\"@id\":\"https:\\\/\\\/kaizen-blog.org\\\/media\\\/#breadcrumb\",\"itemListElement\":[{\"@type\":\"ListItem\",\"position\":1,\"name\":\"Startseite\",\"item\":\"https:\\\/\\\/kaizen-blog.org\\\/\"},{\"@type\":\"ListItem\",\"position\":2,\"name\":\"E-Mail\"}]},{\"@type\":\"WebSite\",\"@id\":\"https:\\\/\\\/kaizen-blog.org\\\/#website\",\"url\":\"https:\\\/\\\/kaizen-blog.org\\\/\",\"name\":\"The Kaizen Blog\",\"description\":\"Investigativer Journalismus\",\"potentialAction\":[{\"@type\":\"SearchAction\",\"target\":{\"@type\":\"EntryPoint\",\"urlTemplate\":\"https:\\\/\\\/kaizen-blog.org\\\/?s={search_term_string}\"},\"query-input\":{\"@type\":\"PropertyValueSpecification\",\"valueRequired\":true,\"valueName\":\"search_term_string\"}}],\"inLanguage\":\"en-US\"}]}<\/script>\n<!-- \/ Yoast SEO plugin. -->","yoast_head_json":{"title":"E-Mail - The Kaizen Blog","robots":{"index":"index","follow":"follow","max-snippet":"max-snippet:-1","max-image-preview":"max-image-preview:large","max-video-preview":"max-video-preview:-1"},"canonical":"https:\/\/kaizen-blog.org\/en\/media\/","og_locale":"en_US","og_type":"article","og_title":"E-Mail an Kaizen Blog","og_description":"F\u00fcr Fragen, Anregungen oder Faktenchecks k\u00f6nnen Sie uns jederzeit gerne eine E-Mail senden. Wir bem\u00fchen uns, Ihre Nachricht in der Regel zeitnah zu beantworten. co*****@*********og.org","og_url":"https:\/\/kaizen-blog.org\/en\/media\/","og_site_name":"The Kaizen Blog","article_publisher":"https:\/\/www.facebook.com\/rainer.hofmann.2025\/","article_modified_time":"2026-03-17T17:42:14+00:00","og_image":[{"width":905,"height":500,"url":"https:\/\/kaizen-blog.org\/wp-content\/uploads\/2026\/03\/kaizennewsday-2026-03-17T184116.149.webp","type":"image\/webp"}],"twitter_card":"summary_large_image","twitter_misc":{"Est. reading time":"1 minute"},"schema":{"@context":"https:\/\/schema.org","@graph":[{"@type":"WebPage","@id":"https:\/\/kaizen-blog.org\/media\/","url":"https:\/\/kaizen-blog.org\/media\/","name":"E-Mail - The Kaizen Blog","isPartOf":{"@id":"https:\/\/kaizen-blog.org\/#website"},"primaryImageOfPage":{"@id":"https:\/\/kaizen-blog.org\/media\/#primaryimage"},"image":{"@id":"https:\/\/kaizen-blog.org\/media\/#primaryimage"},"thumbnailUrl":"https:\/\/i0.wp.com\/kaizen-blog.org\/wp-content\/uploads\/2026\/03\/kaizennewsday-2026-03-17T184116.149.webp?fit=905%2C500&ssl=1","datePublished":"2025-05-06T12:05:24+00:00","dateModified":"2026-03-17T17:42:14+00:00","breadcrumb":{"@id":"https:\/\/kaizen-blog.org\/media\/#breadcrumb"},"inLanguage":"en-US","potentialAction":[{"@type":"ReadAction","target":["https:\/\/kaizen-blog.org\/media\/"]}]},{"@type":"ImageObject","inLanguage":"en-US","@id":"https:\/\/kaizen-blog.org\/media\/#primaryimage","url":"https:\/\/i0.wp.com\/kaizen-blog.org\/wp-content\/uploads\/2026\/03\/kaizennewsday-2026-03-17T184116.149.webp?fit=905%2C500&ssl=1","contentUrl":"https:\/\/i0.wp.com\/kaizen-blog.org\/wp-content\/uploads\/2026\/03\/kaizennewsday-2026-03-17T184116.149.webp?fit=905%2C500&ssl=1","width":905,"height":500},{"@type":"BreadcrumbList","@id":"https:\/\/kaizen-blog.org\/media\/#breadcrumb","itemListElement":[{"@type":"ListItem","position":1,"name":"Startseite","item":"https:\/\/kaizen-blog.org\/"},{"@type":"ListItem","position":2,"name":"E-Mail"}]},{"@type":"WebSite","@id":"https:\/\/kaizen-blog.org\/#website","url":"https:\/\/kaizen-blog.org\/","name":"The Kaizen Blog","description":"Investigative Journalism","potentialAction":[{"@type":"SearchAction","target":{"@type":"EntryPoint","urlTemplate":"https:\/\/kaizen-blog.org\/?s={search_term_string}"},"query-input":{"@type":"PropertyValueSpecification","valueRequired":true,"valueName":"search_term_string"}}],"inLanguage":"en-US"}]}},"jetpack_sharing_enabled":true,"jetpack-related-posts":[{"id":282,"url":"https:\/\/kaizen-blog.org\/en\/contact-address\/datenschutzerklarung-privacy-policy-kaizen\/","url_meta":{"origin":187,"position":0},"title":"Datenschutzerkl\u00e4rung &#8211; Privacy Policy &#8211; The Kaizen Blog","author":"Tamzee Zadah","date":"May 9, 2025","format":false,"excerpt":"Datenschutzerkl\u00e4rung (Weltweit) 1. Verantwortlicher f\u00fcr die Datenverarbeitung The Kaizen Blog: Rainer Hofmann (Chefredakteur) Kaizen Blog LTD - The Bristol Office, 2nd Floor, 5 High Street, Westbury-on-Trym, Bristol, BS9 3BY. England, E-Mail: rainer.hofmann@kaizen-blog.org 2. Datenschutzbeauftragter Tamzee Zadah: E-Mail: tamzee.zadah@kaizen-blog.org 3. Erhebung und Speicherung personenbezogener Daten sowie Art und Zweck ihrer Verwendung\u2026","rel":"","context":"Similar post","block_context":{"text":"Similar post","link":""},"img":{"alt_text":"","src":"","width":0,"height":0},"classes":[]},{"id":7679,"url":"https:\/\/kaizen-blog.org\/en\/social-kaizen\/","url_meta":{"origin":187,"position":1},"title":"Social Kaizen","author":"Katharina Hofmann","date":"July 7, 2025","format":false,"excerpt":"Welcome to Social Kaizen! Here you can create your own groups, exchange private messages, make friends, and much more. All it takes is a one-time registration: Click the confirmation link in your email, enter the verification key \u2013 and you're in.\nUnder \u201cSettings,\u201d you can customize your profile just the way you like it.","rel":"","context":"Similar post","block_context":{"text":"Similar post","link":""},"img":{"alt_text":"","src":"https:\/\/i0.wp.com\/kaizen-blog.org\/wp-content\/uploads\/2025\/09\/kaizenblognews56.webp?fit=905%2C505&ssl=1&resize=350%2C200","width":350,"height":200,"srcset":"https:\/\/i0.wp.com\/kaizen-blog.org\/wp-content\/uploads\/2025\/09\/kaizenblognews56.webp?fit=905%2C505&ssl=1&resize=350%2C200 1x, https:\/\/i0.wp.com\/kaizen-blog.org\/wp-content\/uploads\/2025\/09\/kaizenblognews56.webp?fit=905%2C505&ssl=1&resize=525%2C300 1.5x, https:\/\/i0.wp.com\/kaizen-blog.org\/wp-content\/uploads\/2025\/09\/kaizenblognews56.webp?fit=905%2C505&ssl=1&resize=700%2C400 2x"},"classes":[]},{"id":184,"url":"https:\/\/kaizen-blog.org\/en\/contact-address\/","url_meta":{"origin":187,"position":2},"title":"contact &amp; address","author":"kaizenadmin","date":"May 6, 2025","format":false,"excerpt":"Impressum \u2013 The Kaizen Blog 1. Betreiber und Verantwortlicher Herausgeber: Kaizen Blog LTD Chefredakteur: Rainer Hofmann (rainer.hofmann@kaizen-blog.org) Anschrift: Kaizen Blog LTD - The Bristol Office, 2nd Floor, 5 High Street, Westbury-on-Trym, Bristol, BS9 3BY. England Telefon: +44 757 7010 837 Kontakt-E-Mail: contact@kaizen-blog.org Datenschutzbeauftragter: Tamzee Zadah (tamzee.zadah@kaizen-blog.org) Registrierung bei Companies House\u2026","rel":"","context":"Similar post","block_context":{"text":"Similar post","link":""},"img":{"alt_text":"","src":"https:\/\/i0.wp.com\/kaizen-blog.org\/wp-content\/uploads\/2025\/07\/ltd.webp?resize=350%2C200&ssl=1","width":350,"height":200,"srcset":"https:\/\/i0.wp.com\/kaizen-blog.org\/wp-content\/uploads\/2025\/07\/ltd.webp?resize=350%2C200&ssl=1 1x, https:\/\/i0.wp.com\/kaizen-blog.org\/wp-content\/uploads\/2025\/07\/ltd.webp?resize=525%2C300&ssl=1 1.5x, https:\/\/i0.wp.com\/kaizen-blog.org\/wp-content\/uploads\/2025\/07\/ltd.webp?resize=700%2C400&ssl=1 2x, https:\/\/i0.wp.com\/kaizen-blog.org\/wp-content\/uploads\/2025\/07\/ltd.webp?resize=1050%2C600&ssl=1 3x, https:\/\/i0.wp.com\/kaizen-blog.org\/wp-content\/uploads\/2025\/07\/ltd.webp?resize=1400%2C800&ssl=1 4x"},"classes":[]},{"id":9492,"url":"https:\/\/kaizen-blog.org\/en\/thank-you\/","url_meta":{"origin":187,"position":3},"title":"Thank you","author":"Katharina Hofmann","date":"July 20, 2025","format":false,"excerpt":"Von Herzen Dank f\u00fcr Ihre Unterst\u00fctzung. Ihre Hilfe bedeutet uns viel \u2013 gerade in Zeiten wie diesen, in denen der Einsatz f\u00fcr Menschenrechte, Gerechtigkeit und Umwelt weltweit wichtiger ist denn je. Jede Form der Unterst\u00fctzung gibt uns die Kraft, weiterzumachen. Ganz liebe Gr\u00fc\u00dfe \u2013euer Team vom Kaizen Blog With heartfelt\u2026","rel":"","context":"Similar post","block_context":{"text":"Similar post","link":""},"img":{"alt_text":"","src":"","width":0,"height":0},"classes":[]}],"_links":{"self":[{"href":"https:\/\/kaizen-blog.org\/en\/wp-json\/wp\/v2\/pages\/187","targetHints":{"allow":["GET"]}}],"collection":[{"href":"https:\/\/kaizen-blog.org\/en\/wp-json\/wp\/v2\/pages"}],"about":[{"href":"https:\/\/kaizen-blog.org\/en\/wp-json\/wp\/v2\/types\/page"}],"author":[{"embeddable":true,"href":"https:\/\/kaizen-blog.org\/en\/wp-json\/wp\/v2\/users\/4"}],"replies":[{"embeddable":true,"href":"https:\/\/kaizen-blog.org\/en\/wp-json\/wp\/v2\/comments?post=187"}],"version-history":[{"count":0,"href":"https:\/\/kaizen-blog.org\/en\/wp-json\/wp\/v2\/pages\/187\/revisions"}],"wp:featuredmedia":[{"embeddable":true,"href":"https:\/\/kaizen-blog.org\/en\/wp-json\/wp\/v2\/media\/32003"}],"wp:attachment":[{"href":"https:\/\/kaizen-blog.org\/en\/wp-json\/wp\/v2\/media?parent=187"}],"curies":[{"name":"wp","href":"https:\/\/api.w.org\/{rel}","templated":true}]}}